{"id":988158,"date":"2025-07-23T14:30:03","date_gmt":"2025-07-23T13:30:03","guid":{"rendered":"https:\/\/gyninlondon.co.uk\/privacy-statement-uk\/"},"modified":"2025-07-23T14:30:03","modified_gmt":"2025-07-23T13:30:03","slug":"privatumo-pareiskimas-uk","status":"publish","type":"page","link":"https:\/\/gyninlondon.co.uk\/lt\/privatumo-pareiskimas-uk\/","title":{"rendered":"Privatumo parei\u0161kimas (JK)"},"content":{"rendered":"<div class=\"vgblk-rw-wrapper limit-wrapper\">\n<!-- Legal document generated by Complianz | GDPR\/CCPA Cookie Consent https:\/\/wordpress.org\/plugins\/complianz-gdpr -->\n<div id=\"cmplz-document\" class=\"cmplz-document privacy-statement cmplz-document-uk\"><\/div><\/div>\n<p><!-- .vgblk-rw-wrapper --><\/p>","protected":false},"excerpt":{"rendered":"","protected":false},"author":1,"featured_media":0,"parent":0,"menu_order":0,"comment_status":"closed","ping_status":"closed","template":"","meta":{"inline_featured_image":false,"footnotes":""},"class_list":["post-988158","page","type-page","status-publish","hentry"],"yoast_head":"<!-- This site is optimized with the Yoast SEO plugin v26.8 - https:\/\/yoast.com\/product\/yoast-seo-wordpress\/ -->\n<title>Privacy Statement (UK) - Gyn In London<\/title>\n<meta name=\"robots\" content=\"index, follow, max-snippet:-1, max-image-preview:large, max-video-preview:-1\" \/>\n<link rel=\"canonical\" href=\"https:\/\/gyninlondon.co.uk\/lt\/privatumo-pareiskimas-uk\/\" \/>\n<meta property=\"og:locale\" content=\"lt_LT\" \/>\n<meta property=\"og:type\" content=\"article\" \/>\n<meta property=\"og:title\" content=\"Privacy Statement (UK) - Gyn In London\" \/>\n<meta property=\"og:url\" content=\"https:\/\/gyninlondon.co.uk\/lt\/privatumo-pareiskimas-uk\/\" \/>\n<meta property=\"og:site_name\" content=\"Gyn In London\" \/>\n<meta property=\"og:image\" content=\"https:\/\/gyninlondon.co.uk\/wp-content\/uploads\/2025\/07\/PRP-O\u2011Shot\u00ae-Treatment.jpg\" \/>\n\t<meta property=\"og:image:width\" content=\"1027\" \/>\n\t<meta property=\"og:image:height\" content=\"835\" \/>\n\t<meta property=\"og:image:type\" content=\"image\/jpeg\" \/>\n<meta name=\"twitter:card\" content=\"summary_large_image\" \/>\n<script type=\"application\/ld+json\" class=\"yoast-schema-graph\">{\"@context\":\"https:\/\/schema.org\",\"@graph\":[{\"@type\":\"WebPage\",\"@id\":\"https:\/\/gyninlondon.co.uk\/privacy-statement-uk\/\",\"url\":\"https:\/\/gyninlondon.co.uk\/privacy-statement-uk\/\",\"name\":\"Privacy Statement (UK) - Gyn In London\",\"isPartOf\":{\"@id\":\"https:\/\/gyninlondon.co.uk\/#website\"},\"datePublished\":\"2025-07-23T13:30:03+00:00\",\"breadcrumb\":{\"@id\":\"https:\/\/gyninlondon.co.uk\/privacy-statement-uk\/#breadcrumb\"},\"inLanguage\":\"lt-LT\",\"potentialAction\":[{\"@type\":\"ReadAction\",\"target\":[\"https:\/\/gyninlondon.co.uk\/privacy-statement-uk\/\"]}]},{\"@type\":\"BreadcrumbList\",\"@id\":\"https:\/\/gyninlondon.co.uk\/privacy-statement-uk\/#breadcrumb\",\"itemListElement\":[{\"@type\":\"ListItem\",\"position\":1,\"name\":\"Home\",\"item\":\"https:\/\/gyninlondon.co.uk\/\"},{\"@type\":\"ListItem\",\"position\":2,\"name\":\"Privacy Statement (UK)\"}]},{\"@type\":\"WebSite\",\"@id\":\"https:\/\/gyninlondon.co.uk\/#website\",\"url\":\"https:\/\/gyninlondon.co.uk\/\",\"name\":\"Gyn In London\",\"description\":\"Dr. Patrcjia Battista\",\"publisher\":{\"@id\":\"https:\/\/gyninlondon.co.uk\/#organization\"},\"potentialAction\":[{\"@type\":\"SearchAction\",\"target\":{\"@type\":\"EntryPoint\",\"urlTemplate\":\"https:\/\/gyninlondon.co.uk\/?s={search_term_string}\"},\"query-input\":{\"@type\":\"PropertyValueSpecification\",\"valueRequired\":true,\"valueName\":\"search_term_string\"}}],\"inLanguage\":\"lt-LT\"},{\"@type\":\"Organization\",\"@id\":\"https:\/\/gyninlondon.co.uk\/#organization\",\"name\":\"Gyn In London\",\"url\":\"https:\/\/gyninlondon.co.uk\/\",\"logo\":{\"@type\":\"ImageObject\",\"inLanguage\":\"lt-LT\",\"@id\":\"https:\/\/gyninlondon.co.uk\/#\/schema\/logo\/image\/\",\"url\":\"https:\/\/gyninlondon.co.uk\/wp-content\/uploads\/2025\/07\/cropped-cropped-Gyn-In-London-Logo-1.png\",\"contentUrl\":\"https:\/\/gyninlondon.co.uk\/wp-content\/uploads\/2025\/07\/cropped-cropped-Gyn-In-London-Logo-1.png\",\"width\":1368,\"height\":592,\"caption\":\"Gyn In London\"},\"image\":{\"@id\":\"https:\/\/gyninlondon.co.uk\/#\/schema\/logo\/image\/\"}}]}<\/script>\n<!-- \/ Yoast SEO plugin. -->","yoast_head_json":{"title":"Privatumo parei\u0161kimas (Jungtin\u0117 Karalyst\u0117) - Gyn In London","robots":{"index":"index","follow":"follow","max-snippet":"max-snippet:-1","max-image-preview":"max-image-preview:large","max-video-preview":"max-video-preview:-1"},"canonical":"https:\/\/gyninlondon.co.uk\/lt\/privatumo-pareiskimas-uk\/","og_locale":"lt_LT","og_type":"article","og_title":"Privacy Statement (UK) - Gyn In London","og_url":"https:\/\/gyninlondon.co.uk\/lt\/privatumo-pareiskimas-uk\/","og_site_name":"Gyn In London","og_image":[{"width":1027,"height":835,"url":"https:\/\/gyninlondon.co.uk\/wp-content\/uploads\/2025\/07\/PRP-O\u2011Shot\u00ae-Treatment.jpg","type":"image\/jpeg"}],"twitter_card":"summary_large_image","schema":{"@context":"https:\/\/schema.org","@graph":[{"@type":"WebPage","@id":"https:\/\/gyninlondon.co.uk\/privacy-statement-uk\/","url":"https:\/\/gyninlondon.co.uk\/privacy-statement-uk\/","name":"Privatumo parei\u0161kimas (Jungtin\u0117 Karalyst\u0117) - Gyn In London","isPartOf":{"@id":"https:\/\/gyninlondon.co.uk\/#website"},"datePublished":"2025-07-23T13:30:03+00:00","breadcrumb":{"@id":"https:\/\/gyninlondon.co.uk\/privacy-statement-uk\/#breadcrumb"},"inLanguage":"lt-LT","potentialAction":[{"@type":"ReadAction","target":["https:\/\/gyninlondon.co.uk\/privacy-statement-uk\/"]}]},{"@type":"BreadcrumbList","@id":"https:\/\/gyninlondon.co.uk\/privacy-statement-uk\/#breadcrumb","itemListElement":[{"@type":"ListItem","position":1,"name":"Home","item":"https:\/\/gyninlondon.co.uk\/"},{"@type":"ListItem","position":2,"name":"Privacy Statement (UK)"}]},{"@type":"WebSite","@id":"https:\/\/gyninlondon.co.uk\/#website","url":"https:\/\/gyninlondon.co.uk\/","name":"Gyvulininkyst\u0117 Londone","description":"Dr. Patrcjia Battista","publisher":{"@id":"https:\/\/gyninlondon.co.uk\/#organization"},"potentialAction":[{"@type":"SearchAction","target":{"@type":"EntryPoint","urlTemplate":"https:\/\/gyninlondon.co.uk\/?s={search_term_string}"},"query-input":{"@type":"PropertyValueSpecification","valueRequired":true,"valueName":"search_term_string"}}],"inLanguage":"lt-LT"},{"@type":"Organization","@id":"https:\/\/gyninlondon.co.uk\/#organization","name":"Gyvulininkyst\u0117 Londone","url":"https:\/\/gyninlondon.co.uk\/","logo":{"@type":"ImageObject","inLanguage":"lt-LT","@id":"https:\/\/gyninlondon.co.uk\/#\/schema\/logo\/image\/","url":"https:\/\/gyninlondon.co.uk\/wp-content\/uploads\/2025\/07\/cropped-cropped-Gyn-In-London-Logo-1.png","contentUrl":"https:\/\/gyninlondon.co.uk\/wp-content\/uploads\/2025\/07\/cropped-cropped-Gyn-In-London-Logo-1.png","width":1368,"height":592,"caption":"Gyn In London"},"image":{"@id":"https:\/\/gyninlondon.co.uk\/#\/schema\/logo\/image\/"}}]}},"_links":{"self":[{"href":"https:\/\/gyninlondon.co.uk\/lt\/wp-json\/wp\/v2\/pages\/988158","targetHints":{"allow":["GET"]}}],"collection":[{"href":"https:\/\/gyninlondon.co.uk\/lt\/wp-json\/wp\/v2\/pages"}],"about":[{"href":"https:\/\/gyninlondon.co.uk\/lt\/wp-json\/wp\/v2\/types\/page"}],"author":[{"embeddable":true,"href":"https:\/\/gyninlondon.co.uk\/lt\/wp-json\/wp\/v2\/users\/1"}],"replies":[{"embeddable":true,"href":"https:\/\/gyninlondon.co.uk\/lt\/wp-json\/wp\/v2\/comments?post=988158"}],"version-history":[{"count":0,"href":"https:\/\/gyninlondon.co.uk\/lt\/wp-json\/wp\/v2\/pages\/988158\/revisions"}],"wp:attachment":[{"href":"https:\/\/gyninlondon.co.uk\/lt\/wp-json\/wp\/v2\/media?parent=988158"}],"curies":[{"name":"wp","href":"https:\/\/api.w.org\/{rel}","templated":true}]}}